{"id":837,"date":"2018-03-25T20:07:23","date_gmt":"2018-03-25T18:07:23","guid":{"rendered":"https:\/\/www.winterova7.sk\/contact\/"},"modified":"2023-12-15T12:28:19","modified_gmt":"2023-12-15T11:28:19","slug":"contact","status":"publish","type":"page","link":"https:\/\/www.winterova7.sk\/en\/contact\/","title":{"rendered":"Contact"},"content":{"rendered":"<p>[et_pb_section bb_built=&#8221;1&#8243; background_color=&#8221;rgba(0,0,0,0)&#8221; _builder_version=&#8221;3.0.105&#8243;][et_pb_row custom_padding=&#8221;0px|0px|27px|0px&#8221; make_equal=&#8221;on&#8221; _builder_version=&#8221;3.0.105&#8243; background_size=&#8221;initial&#8221; background_position=&#8221;top_left&#8221; background_repeat=&#8221;repeat&#8221;][et_pb_column type=&#8221;2_3&#8243;][et_pb_text background_layout=&#8221;dark&#8221; _builder_version=&#8221;3.0.105&#8243; background_color=&#8221;#e96012&#8243; border_radii=&#8221;on|10px|10px|10px|10px&#8221; custom_margin=&#8221;|||&#8221; custom_padding=&#8221;20px|30px|20px|30px&#8221; custom_css_main_element=&#8221;height:267px;&#8221;]<\/p>\n<p>&nbsp;<\/p>\n<h1>Are you interested in our offering?<\/h1>\n<h1>Do you want to set a date for visit to our office space?<\/h1>\n<h1>We will be happy to be of assistance.<\/h1>\n<p>[\/et_pb_text][\/et_pb_column][et_pb_column type=&#8221;1_3&#8243;][et_pb_slider show_pagination=&#8221;off&#8221; _builder_version=&#8221;3.0.105&#8243; use_background_color_gradient=&#8221;on&#8221; background_color_gradient_start=&#8221;#666462&#8243; background_color_gradient_end=&#8221;#444444&#8243; background_color_gradient_direction=&#8221;90deg&#8221; border_radii=&#8221;on|10px|10px|10px|10px&#8221; auto=&#8221;on&#8221; custom_css_main_element=&#8221;min-height: 267px;&#8221; db_height=&#8221;247px&#8221;][et_pb_slide use_bg_overlay=&#8221;off&#8221; use_text_overlay=&#8221;off&#8221; _builder_version=&#8221;3.0.105&#8243; background_image=&#8221;https:\/\/www.winterova7.sk\/wp-content\/uploads\/2018\/03\/img_map_01.png&#8221; background_size=&#8221;initial&#8221; custom_button=&#8221;off&#8221; button_on_hover=&#8221;on&#8221; custom_css_main_element=&#8221;min-height: 267px;&#8221;][\/et_pb_slide][et_pb_slide use_bg_overlay=&#8221;off&#8221; use_text_overlay=&#8221;off&#8221; _builder_version=&#8221;3.0.105&#8243; background_image=&#8221;https:\/\/www.winterova7.sk\/wp-content\/uploads\/2018\/03\/img_map_02.png&#8221; background_size=&#8221;contain&#8221; custom_button=&#8221;off&#8221; button_on_hover=&#8221;on&#8221;][\/et_pb_slide][et_pb_slide use_bg_overlay=&#8221;off&#8221; use_text_overlay=&#8221;off&#8221; _builder_version=&#8221;3.0.105&#8243; background_image=&#8221;https:\/\/www.winterova7.sk\/wp-content\/uploads\/2018\/03\/img_map_03.png&#8221; background_size=&#8221;contain&#8221; custom_button=&#8221;off&#8221; button_on_hover=&#8221;on&#8221;][\/et_pb_slide][\/et_pb_slider][\/et_pb_column][\/et_pb_row][et_pb_row custom_padding=&#8221;30px|30px|30px|30px&#8221; background_color=&#8221;#666263&#8243; _builder_version=&#8221;3.0.105&#8243; border_radii=&#8221;on|10px|10px|10px|10px&#8221;][et_pb_column type=&#8221;1_2&#8243;][et_pb_text background_layout=&#8221;dark&#8221; _builder_version=&#8221;3.0.105&#8243; custom_padding=&#8221;|||&#8221;]<\/p>\n<p>CONTACT<\/p>\n<p><strong>E-mail:<\/strong> <a href=\"mailto:katarina.laukova@logomotion.eu\">katarina.laukova@logomotion.eu<\/a><\/p>\n<p>Logomotion, s.r.o.<br \/>\nWinterova 15<br \/>\n921 01 Pie\u0161\u0165any 1<br \/>\nSLOVAKIA<\/p>\n<p>[\/et_pb_text][\/et_pb_column][et_pb_column type=&#8221;1_2&#8243;][et_pb_contact_form title=&#8221;Contact Form&#8221; submit_button_text=&#8221;Send&#8221; module_id=&#8221;et_pb_contact_form_0&#8243; _builder_version=&#8221;3.0.105&#8243; title_level=&#8221;h2&#8243; title_font=&#8221;||||||||&#8221; title_font_size=&#8221;24px&#8221; title_text_color=&#8221;#ffffff&#8221; form_field_font=&#8221;||||||||&#8221; disabled_on=&#8221;on|on|on&#8221; disabled=&#8221;on&#8221;][et_pb_contact_field field_id=&#8221;Name&#8221; field_title=&#8221;Name&#8221; allowed_symbols=&#8221;letters&#8221; fullwidth_field=&#8221;on&#8221; _builder_version=&#8221;3.0.105&#8243; border_radii=&#8221;on||||&#8221;][\/et_pb_contact_field][et_pb_contact_field field_id=&#8221;Email&#8221; field_title=&#8221;E-mail&#8221; field_type=&#8221;email&#8221; fullwidth_field=&#8221;on&#8221; _builder_version=&#8221;3.0.105&#8243; border_radii=&#8221;on||||&#8221;][\/et_pb_contact_field][et_pb_contact_field field_id=&#8221;Message&#8221; field_title=&#8221;Your massage&#8221; field_type=&#8221;text&#8221; fullwidth_field=&#8221;on&#8221; _builder_version=&#8221;3.0.105&#8243; form_field_font=&#8221;||||||||&#8221; border_radii=&#8221;on||||&#8221;][\/et_pb_contact_field][et_pb_contact_field field_id=&#8221;suhlas&#8221; field_title=&#8221;Accept&#8221; field_type=&#8221;checkbox&#8221; checkbox_options=&#8221;%91{%22value%22:%22s\u00fahlas\u00edm so spracovan\u00edm osobn\u00fdch \u00fadajov na \u00fa\u010dely%22,%22checked%22:0,%22dragID%22:0}%93&#8243; fullwidth_field=&#8221;on&#8221; field_background_color=&#8221;#ffffff&#8221; _builder_version=&#8221;3.0.105&#8243; form_field_font=&#8221;||||||||&#8221; form_field_text_color=&#8221;#ffffff&#8221;][\/et_pb_contact_field][\/et_pb_contact_form][\/et_pb_column][\/et_pb_row][\/et_pb_section]<\/p>\n","protected":false},"excerpt":{"rendered":"<p>&nbsp; Are you interested in our offering? Do you want to set a date for visit to our office space? We will be happy to be of assistance. CONTACT E-mail: katarina.laukova@logomotion.eu Logomotion, s.r.o. Winterova 15 921 01 Pie\u0161\u0165any 1 SLOVAKIA<\/p>\n","protected":false},"author":1,"featured_media":0,"parent":0,"menu_order":0,"comment_status":"closed","ping_status":"closed","template":"","meta":{"_et_pb_use_builder":"on","_et_pb_old_content":"","_et_gb_content_width":"","footnotes":""},"class_list":["post-837","page","type-page","status-publish","hentry"],"_links":{"self":[{"href":"https:\/\/www.winterova7.sk\/en\/wp-json\/wp\/v2\/pages\/837"}],"collection":[{"href":"https:\/\/www.winterova7.sk\/en\/wp-json\/wp\/v2\/pages"}],"about":[{"href":"https:\/\/www.winterova7.sk\/en\/wp-json\/wp\/v2\/types\/page"}],"author":[{"embeddable":true,"href":"https:\/\/www.winterova7.sk\/en\/wp-json\/wp\/v2\/users\/1"}],"replies":[{"embeddable":true,"href":"https:\/\/www.winterova7.sk\/en\/wp-json\/wp\/v2\/comments?post=837"}],"version-history":[{"count":28,"href":"https:\/\/www.winterova7.sk\/en\/wp-json\/wp\/v2\/pages\/837\/revisions"}],"predecessor-version":[{"id":1689,"href":"https:\/\/www.winterova7.sk\/en\/wp-json\/wp\/v2\/pages\/837\/revisions\/1689"}],"wp:attachment":[{"href":"https:\/\/www.winterova7.sk\/en\/wp-json\/wp\/v2\/media?parent=837"}],"curies":[{"name":"wp","href":"https:\/\/api.w.org\/{rel}","templated":true}]}}