{"id":930,"date":"2018-03-26T13:41:55","date_gmt":"2018-03-26T11:41:55","guid":{"rendered":"https:\/\/www.winterova7.sk\/buroraume\/3-stock\/flugel-west-3-stock\/"},"modified":"2021-05-18T14:59:31","modified_gmt":"2021-05-18T12:59:31","slug":"flugel-west-3-stock","status":"publish","type":"page","link":"https:\/\/www.winterova7.sk\/de\/buroraume\/3-stock\/flugel-west-3-stock\/","title":{"rendered":"Fl\u00fcgel West &#8211; 3. Stock"},"content":{"rendered":"<p>[et_pb_section bb_built=&#8220;1&#8243; background_color=&#8220;rgba(0,0,0,0)&#8220; _builder_version=&#8220;3.0.105&#8243;][et_pb_row custom_padding=&#8220;||0px|&#8220; custom_padding_tablet=&#8220;||0px|&#8220; custom_padding_phone=&#8220;||0px|&#8220; custom_padding_last_edited=&#8220;on|phone&#8220; _builder_version=&#8220;3.0.105&#8243; use_background_color_gradient=&#8220;on&#8220; background_color_gradient_start=&#8220;#e96012&#8243; background_color_gradient_end=&#8220;#676362&#8243; background_color_gradient_start_position=&#8220;40%&#8220; background_size=&#8220;initial&#8220; background_position=&#8220;top_left&#8220; background_repeat=&#8220;repeat&#8220; border_radii=&#8220;|10px|10px||&#8220; border_width_bottom=&#8220;1px&#8220; border_color_bottom=&#8220;rgba(51,51,51,0.39)&#8220; border_style_bottom=&#8220;inset&#8220;][et_pb_column type=&#8220;1_2&#8243;][et_pb_text background_layout=&#8220;dark&#8220; _builder_version=&#8220;3.0.105&#8243; text_font_size=&#8220;16px&#8220; border_width_bottom=&#8220;1px&#8220; border_color_bottom=&#8220;#ffffff&#8220; custom_margin=&#8220;|||30px&#8220; custom_padding=&#8220;||10px|&#8220;]<\/p>\n<h1><strong>3. Stock | Fl\u00fcgel West<\/strong><\/h1>\n<p><strong><b>Der Fl\u00fcgel befindet sich im 3. Stock des Geb\u00e4udes mit dem Zugang von der Winterova Stra\u00dfe. Durch den Zusammenschluss mit dem Fl\u00fcgel West im 2. Stock ist es m\u00f6glich, ein zusammenh\u00e4ngendes Ganzes zu schaffen.<\/b><\/strong><\/p>\n<p>[\/et_pb_text][et_pb_code _builder_version=&#8220;3.0.105&#8243;]<div id=\"image-map-pro-5904\"><\/div>&lt;!&#8211; [et_pb_line_break_holder] &#8211;&gt;&lt;!&#8211; [et_pb_line_break_holder] &#8211;&gt;&lt;!&#8211; [et_pb_line_break_holder] &#8211;&gt;[\/et_pb_code][\/et_pb_column][et_pb_column type=&#8220;1_2&#8243;][et_pb_image src=&#8220;https:\/\/www.winterova7.sk\/wp-content\/uploads\/2018\/03\/podkrovie-zapad.png&#8220; show_bottom_space=&#8220;off&#8220; align=&#8220;center&#8220; _builder_version=&#8220;3.0.105&#8243; custom_padding_tablet=&#8220;|||&#8220; custom_padding_last_edited=&#8220;on|desktop&#8220;]<br \/>\n[\/et_pb_image][\/et_pb_column][\/et_pb_row][et_pb_row custom_padding=&#8220;20px|30px|0px|30px&#8220; _builder_version=&#8220;3.0.105&#8243; use_background_color_gradient=&#8220;on&#8220; background_color_gradient_start=&#8220;#676362&#8243; background_color_gradient_end=&#8220;rgba(0,0,0,0)&#8220; background_size=&#8220;initial&#8220; background_position=&#8220;top_left&#8220; background_repeat=&#8220;repeat&#8220;][et_pb_column type=&#8220;1_3&#8243;][et_pb_text background_layout=&#8220;dark&#8220; _builder_version=&#8220;3.0.105&#8243;]<\/p>\n<p>Die R\u00e4ume befinden sich in einem historischen dreist\u00f6ckigen Geb\u00e4ude mit Dachgeschoss, das sich der kompletten Rekonstruktion unterzogen hat. Das Geb\u00e4ude ist in jedem Stockwerk nach den Himmelsrichtungen in drei Fl\u00fcgel \u2013 West, Mitte, Ost \u2013 gegliedert. Falls Sie an der Vermietung mehrerer Fl\u00fcgel interessiert sein werden, besprechen wir gerne mit Ihnen die aktuellen M\u00f6glichkeiten.<\/p>\n<p>Mehr \u00fcber <b>die Ausstattung des Geb\u00e4udes und \u00fcber die Dienstleistungen<\/b><br \/>\n<a href=\"https:\/\/www.winterova7.sk\/de\/gebaude-und-service\/\">finden Sie hier &gt;&gt;<\/a><\/p>\n<p>[\/et_pb_text][\/et_pb_column][et_pb_column type=&#8220;1_3&#8243;][et_pb_text background_layout=&#8220;dark&#8220; _builder_version=&#8220;3.0.105&#8243; text_font=&#8220;||||||||&#8220;]<\/p>\n<p><strong>Ausf\u00fchrliche technische Spezifikation des Fl\u00fcgels:<\/strong><\/p>\n<p>[\/et_pb_text][et_pb_text background_layout=&#8220;dark&#8220; _builder_version=&#8220;3.0.105&#8243;]<\/p>\n<table border=\"0\" width=\"240\" cellspacing=\"2\" cellpadding=\"0\">\n<tbody>\n<tr>\n<td>Fl\u00e4che des Fl\u00fcgels: 128,2 m<sup>2<\/sup><\/td>\n<\/tr>\n<tr>\n<td>Anzahl der B\u00fcros: 4<\/td>\n<\/tr>\n<tr>\n<td>Anzahl der Toiletten: 2<\/td>\n<\/tr>\n<tr>\n<td>Anzahl der Kochnischen: 1<\/td>\n<\/tr>\n<\/tbody>\n<\/table>\n<p>[\/et_pb_text][\/et_pb_column][et_pb_column type=&#8220;1_3&#8243;][et_pb_divider color=&#8220;rgba(255,255,255,0)&#8220; show_divider=&#8220;on&#8220; disabled_on=&#8220;on|off|off&#8220; _builder_version=&#8220;3.0.105&#8243;]<br \/>\n[\/et_pb_divider][et_pb_text background_layout=&#8220;dark&#8220; _builder_version=&#8220;3.0.105&#8243;]<\/p>\n<table border=\"0\" width=\"\" cellspacing=\"2\" cellpadding=\"0\">\n<tbody>\n<tr>\n<td>1.<\/td>\n<td width=\"\">Treppenhaus<\/td>\n<td style=\"text-align: right;\" width=\"\">5,8 m<sup>2<\/sup><\/td>\n<\/tr>\n<tr>\n<td>2.<\/td>\n<td>Flur<\/td>\n<td style=\"text-align: right;\">32,4 m<sup>2<\/sup><\/td>\n<\/tr>\n<tr>\n<td>3.<\/td>\n<td>B\u00fcroraum<\/td>\n<td style=\"text-align: right;\">13,2 m<sup>2<\/sup><\/td>\n<\/tr>\n<tr>\n<td>4.<\/td>\n<td>B\u00fcroraum<\/td>\n<td style=\"text-align: right;\">13,2 m<sup>2<\/sup><\/td>\n<\/tr>\n<tr>\n<td>5.<\/td>\n<td>B\u00fcroraum<\/td>\n<td style=\"text-align: right;\">22,8 m<sup>2<\/sup><\/td>\n<\/tr>\n<tr>\n<td>6.<\/td>\n<td>B\u00fcroraum<\/td>\n<td style=\"text-align: right;\">40,8 m<sup>2<\/sup><\/td>\n<\/tr>\n<tr>\n<td>7.<\/td>\n<td>Vorzimmer<\/td>\n<td style=\"text-align: right;\">2,8 m<sup>2<\/sup><\/td>\n<\/tr>\n<tr>\n<td>8.<\/td>\n<td>Toilette<\/td>\n<td style=\"text-align: right;\">1,3 m<sup>2<\/sup><\/td>\n<\/tr>\n<tr>\n<td>9.<\/td>\n<td>Toilette<\/td>\n<td style=\"text-align: right;\">1,7 m<sup>2<\/sup><\/td>\n<\/tr>\n<\/tbody>\n<\/table>\n<p>[\/et_pb_text][et_pb_divider _builder_version=&#8220;3.0.105&#8243;]<br \/>\n[\/et_pb_divider][\/et_pb_column][\/et_pb_row][et_pb_row custom_padding=&#8220;0px|30px|87px|30px&#8220; _builder_version=&#8220;3.0.105&#8243; use_background_color_gradient=&#8220;on&#8220; background_color_gradient_start=&#8220;rgba(92,90,90,0)&#8220; background_color_gradient_end=&#8220;#5c5a5a&#8220; background_color_gradient_start_position=&#8220;71%&#8220; border_radii=&#8220;|||10px|10px&#8220; border_color_bottom=&#8220;#5c5a5a&#8220;][et_pb_column type=&#8220;2_3&#8243;][et_pb_code _builder_version=&#8220;3.0.105&#8243;]<div id=\"image-map-pro-2649\"><\/div>[\/et_pb_code][\/et_pb_column][et_pb_column type=&#8220;1_3&#8243;][et_pb_text background_layout=&#8220;dark&#8220; _builder_version=&#8220;3.0.105&#8243;]<\/p>\n<p>Kontaktiere uns<\/p>\n<p><strong>Telefon<\/strong>\u00a0+421 33 774 41 27<br \/>\n<strong>E-mail:<\/strong>\u00a0<a href=\"mailto:info@winterova7.sk\">info@winterova7.sk<\/a><\/p>\n<p>[\/et_pb_text][\/et_pb_column][\/et_pb_row][\/et_pb_section]<\/p>\n","protected":false},"excerpt":{"rendered":"<p>3. Stock | Fl\u00fcgel West Der Fl\u00fcgel befindet sich im 3. Stock des Geb\u00e4udes mit dem Zugang von der Winterova Stra\u00dfe. Durch den Zusammenschluss mit dem Fl\u00fcgel West im 2. Stock ist es m\u00f6glich, ein zusammenh\u00e4ngendes Ganzes zu schaffen. <div id=\"image-map-pro-5904\"><\/div>&lt;!&#8211; [et_pb_line_break_holder] &#8211;&gt;&lt;!&#8211; [et_pb_line_break_holder] &#8211;&gt;&lt;!&#8211; [et_pb_line_break_holder] &#8211;&gt; Die R\u00e4ume befinden sich in einem historischen dreist\u00f6ckigen Geb\u00e4ude [&hellip;]<\/p>\n","protected":false},"author":1,"featured_media":0,"parent":925,"menu_order":0,"comment_status":"closed","ping_status":"closed","template":"","meta":{"_et_pb_use_builder":"on","_et_pb_old_content":"","_et_gb_content_width":"","footnotes":""},"class_list":["post-930","page","type-page","status-publish","hentry"],"_links":{"self":[{"href":"https:\/\/www.winterova7.sk\/de\/wp-json\/wp\/v2\/pages\/930"}],"collection":[{"href":"https:\/\/www.winterova7.sk\/de\/wp-json\/wp\/v2\/pages"}],"about":[{"href":"https:\/\/www.winterova7.sk\/de\/wp-json\/wp\/v2\/types\/page"}],"author":[{"embeddable":true,"href":"https:\/\/www.winterova7.sk\/de\/wp-json\/wp\/v2\/users\/1"}],"replies":[{"embeddable":true,"href":"https:\/\/www.winterova7.sk\/de\/wp-json\/wp\/v2\/comments?post=930"}],"version-history":[{"count":21,"href":"https:\/\/www.winterova7.sk\/de\/wp-json\/wp\/v2\/pages\/930\/revisions"}],"predecessor-version":[{"id":1643,"href":"https:\/\/www.winterova7.sk\/de\/wp-json\/wp\/v2\/pages\/930\/revisions\/1643"}],"up":[{"embeddable":true,"href":"https:\/\/www.winterova7.sk\/de\/wp-json\/wp\/v2\/pages\/925"}],"wp:attachment":[{"href":"https:\/\/www.winterova7.sk\/de\/wp-json\/wp\/v2\/media?parent=930"}],"curies":[{"name":"wp","href":"https:\/\/api.w.org\/{rel}","templated":true}]}}