{"id":862,"date":"2018-03-25T21:38:06","date_gmt":"2018-03-25T19:38:06","guid":{"rendered":"https:\/\/www.winterova7.sk\/buroraume\/"},"modified":"2024-09-27T12:23:49","modified_gmt":"2024-09-27T10:23:49","slug":"buroraume","status":"publish","type":"page","link":"https:\/\/www.winterova7.sk\/de\/buroraume\/","title":{"rendered":"B\u00fcror\u00e4ume"},"content":{"rendered":"<p>[et_pb_section fb_built=&#8220;1&#8243; _builder_version=&#8220;4.16&#8243; background_color=&#8220;rgba(0,0,0,0)&#8220; global_colors_info=&#8220;{}&#8220;][et_pb_row _builder_version=&#8220;4.16&#8243; use_background_color_gradient=&#8220;on&#8220; background_color_gradient_stops=&#8220;#5c5a5a 0%|rgba(41,196,169,0) 100%&#8220; background_color_gradient_start=&#8220;#5c5a5a&#8220; background_color_gradient_end=&#8220;rgba(41,196,169,0)&#8220; custom_padding=&#8220;20px|30px|20px|30px&#8220; border_radii=&#8220;on|10px|10px|10px|10px&#8220; border_width_all=&#8220;1&#8243; global_colors_info=&#8220;{}&#8220;][et_pb_column type=&#8220;4_4&#8243; _builder_version=&#8220;4.16&#8243; custom_padding=&#8220;|||&#8220; global_colors_info=&#8220;{}&#8220; custom_padding__hover=&#8220;|||&#8220;][et_pb_text _builder_version=&#8220;4.16&#8243; text_font=&#8220;||||||||&#8220; header_font=&#8220;||||||||&#8220; header_2_font=&#8220;||||||||&#8220; background_layout=&#8220;dark&#8220; global_colors_info=&#8220;{}&#8220;]<\/p>\n<h2><b>Grundriss der Fl\u00fcgel<\/b>\u00a0&#8211; W\u00e4hlen Sie das Stockwerk, die Sie sich besichtigen m\u00f6chten.<\/h2>\n<p>[\/et_pb_text][et_pb_code _builder_version=&#8220;4.16&#8243; text_orientation=&#8220;center&#8220; max_width=&#8220;93%&#8220; custom_css_main_element=&#8220;margin: 0 auto;&#8220; global_colors_info=&#8220;{}&#8220;]<\/p>\n<div class=\"street\">Winterova<\/div>\n<p><!-- [et_pb_line_break_holder] --><div id=\"image-map-pro-9113\"><\/div><!-- [et_pb_line_break_holder] --><\/p>\n<div class=\"street_right\">Beethovenova<\/div>\n<p>[\/et_pb_code][\/et_pb_column][\/et_pb_row][et_pb_row _builder_version=&#8220;4.16&#8243; use_background_color_gradient=&#8220;on&#8220; background_color_gradient_stops=&#8220;rgba(92,90,90,0) 71%|#5c5a5a 100%&#8220; background_color_gradient_start=&#8220;rgba(92,90,90,0)&#8220; background_color_gradient_start_position=&#8220;71%&#8220; background_color_gradient_end=&#8220;#5c5a5a&#8220; custom_padding=&#8220;20px|30px|87px|30px&#8220; border_radii=&#8220;|||10px|10px&#8220; border_color_bottom=&#8220;#5c5a5a&#8220; global_colors_info=&#8220;{}&#8220; column_structure=&#8220;1_3,1_3,1_3&#8243;][et_pb_column type=&#8220;1_3&#8243; _builder_version=&#8220;4.16&#8243; custom_padding=&#8220;|||&#8220; global_colors_info=&#8220;{}&#8220; custom_padding__hover=&#8220;|||&#8220;][et_pb_text _builder_version=&#8220;4.16&#8243; text_font=&#8220;||||||||&#8220; background_layout=&#8220;dark&#8220; global_colors_info=&#8220;{}&#8220;]<\/p>\n<h2>Der Fl\u00fcgel West, der von der Winterova Stra\u00dfe zug\u00e4nglich ist, besteht aus dem Erdgeschoss, zwei Stockwerken und dem Dachgeschoss im 3. Stock.<\/h2>\n<p>[\/et_pb_text][\/et_pb_column][et_pb_column type=&#8220;1_3&#8243; _builder_version=&#8220;4.16&#8243; custom_padding=&#8220;|||&#8220; global_colors_info=&#8220;{}&#8220; custom_padding__hover=&#8220;|||&#8220;][et_pb_text _builder_version=&#8220;4.16&#8243; text_font=&#8220;||||||||&#8220; background_layout=&#8220;dark&#8220; global_colors_info=&#8220;{}&#8220;]<\/p>\n<h2>Die Fl\u00fcgel Mitte und Ost bestehen aus dem Erdgeschoss, dem 1. Stock und dem Dachgeschoss im 2. Stock.<\/h2>\n<p>[\/et_pb_text][\/et_pb_column][et_pb_column type=&#8220;1_3&#8243; _builder_version=&#8220;4.16&#8243; custom_padding=&#8220;|||&#8220; global_colors_info=&#8220;{}&#8220; custom_padding__hover=&#8220;|||&#8220;][et_pb_text _builder_version=&#8220;4.16&#8243; background_layout=&#8220;dark&#8220; global_colors_info=&#8220;{}&#8220;]KONTAKT<\/p>\n<p><strong>E-mail:<\/strong>\u00a0<a href=\"mailto:info@winterova7.sk\">info@winterova7.sk<\/a><br \/>\n[\/et_pb_text][\/et_pb_column][\/et_pb_row][\/et_pb_section]<\/p>\n","protected":false},"excerpt":{"rendered":"<p>Grundriss der Fl\u00fcgel\u00a0&#8211; W\u00e4hlen Sie das Stockwerk, die Sie sich besichtigen m\u00f6chten. Winterova<div id=\"image-map-pro-9113\"><\/div>BeethovenovaDer Fl\u00fcgel West, der von der Winterova Stra\u00dfe zug\u00e4nglich ist, besteht aus dem Erdgeschoss, zwei Stockwerken und dem Dachgeschoss im 3. Stock. Die Fl\u00fcgel Mitte und Ost bestehen aus dem Erdgeschoss, dem 1. Stock und dem Dachgeschoss im 2. Stock. KONTAKT E-mail:\u00a0info@winterova7.sk<\/p>\n","protected":false},"author":1,"featured_media":0,"parent":0,"menu_order":0,"comment_status":"closed","ping_status":"closed","template":"","meta":{"_et_pb_use_builder":"on","_et_pb_old_content":"","_et_gb_content_width":"","footnotes":""},"class_list":["post-862","page","type-page","status-publish","hentry"],"_links":{"self":[{"href":"https:\/\/www.winterova7.sk\/de\/wp-json\/wp\/v2\/pages\/862"}],"collection":[{"href":"https:\/\/www.winterova7.sk\/de\/wp-json\/wp\/v2\/pages"}],"about":[{"href":"https:\/\/www.winterova7.sk\/de\/wp-json\/wp\/v2\/types\/page"}],"author":[{"embeddable":true,"href":"https:\/\/www.winterova7.sk\/de\/wp-json\/wp\/v2\/users\/1"}],"replies":[{"embeddable":true,"href":"https:\/\/www.winterova7.sk\/de\/wp-json\/wp\/v2\/comments?post=862"}],"version-history":[{"count":18,"href":"https:\/\/www.winterova7.sk\/de\/wp-json\/wp\/v2\/pages\/862\/revisions"}],"predecessor-version":[{"id":1706,"href":"https:\/\/www.winterova7.sk\/de\/wp-json\/wp\/v2\/pages\/862\/revisions\/1706"}],"wp:attachment":[{"href":"https:\/\/www.winterova7.sk\/de\/wp-json\/wp\/v2\/media?parent=862"}],"curies":[{"name":"wp","href":"https:\/\/api.w.org\/{rel}","templated":true}]}}