{"id":859,"date":"2018-03-25T21:32:40","date_gmt":"2018-03-25T19:32:40","guid":{"rendered":"https:\/\/www.winterova7.sk\/home\/"},"modified":"2024-09-27T12:23:27","modified_gmt":"2024-09-27T10:23:27","slug":"home","status":"publish","type":"page","link":"https:\/\/www.winterova7.sk\/de\/","title":{"rendered":"home"},"content":{"rendered":"<p>[et_pb_section fb_built=&#8220;1&#8243; _builder_version=&#8220;4.16&#8243; background_color=&#8220;rgba(0,0,0,0)&#8220; global_colors_info=&#8220;{}&#8220;][et_pb_row make_equal=&#8220;on&#8220; _builder_version=&#8220;4.16&#8243; background_size=&#8220;initial&#8220; background_position=&#8220;top_left&#8220; background_repeat=&#8220;repeat&#8220; custom_padding=&#8220;0px|0px|27px|0px&#8220; global_colors_info=&#8220;{}&#8220; column_structure=&#8220;2_3,1_3&#8243;][et_pb_column type=&#8220;2_3&#8243; _builder_version=&#8220;4.16&#8243; custom_padding=&#8220;|||&#8220; global_colors_info=&#8220;{}&#8220; custom_padding__hover=&#8220;|||&#8220;][et_pb_text _builder_version=&#8220;4.16&#8243; use_background_color_gradient=&#8220;on&#8220; background_color_gradient_direction=&#8220;-45deg&#8220; background_color_gradient_stops=&#8220;rgba(233,96,18,0.61) 0%|#e96012 100%&#8220; background_color_gradient_overlays_image=&#8220;on&#8220; background_color_gradient_start=&#8220;rgba(233,96,18,0.61)&#8220; background_color_gradient_end=&#8220;#e96012&#8243; background_layout=&#8220;dark&#8220; custom_margin=&#8220;|||&#8220; custom_padding=&#8220;20px|30px|20px|30px&#8220; custom_css_main_element=&#8220;height:267px;&#8220; border_radii=&#8220;on|10px|10px|10px|10px&#8220; saved_tabs=&#8220;all&#8220; global_colors_info=&#8220;{}&#8220;]<\/p>\n<h1><strong><span class=\"font21b\">Willkommen in Pie\u0161\u0165any,<\/span><\/strong><\/h1>\n<p><span class=\"font-14px\"> in der Stadt der Erholung und Ihres Unternehmens. In einem Punkt treffen sich hier zwei Linien \u2013 der Raum f\u00fcr Ihr Unternehmen und f\u00fcr die Erholung \u2013 Ihre oder die Ihres Gesch\u00e4ftspartners. Direkt im Herzen der Stadt, sehr nahe der Kurinsel, bieten wir repr\u00e4sentative B\u00fcror\u00e4ume zur Vermietung an.<br \/>\n<\/span>Die R\u00e4ume befinden sich in einem historischen dreist\u00f6ckigen Geb\u00e4ude mit Dachgeschoss, das sich der kompletten Rekonstruktion unterzogen hat. Das Geb\u00e4ude ist in jedem Stockwerk in mehrere Fl\u00fcgel gegliedert, die sich nach Ihrem Bedarf zu gr\u00f6\u00dferen Einheiten zusammenschlie\u00dfen lassen.[\/et_pb_text][\/et_pb_column][et_pb_column type=&#8220;1_3&#8243; _builder_version=&#8220;4.16&#8243; custom_padding=&#8220;|||&#8220; global_colors_info=&#8220;{}&#8220; custom_padding__hover=&#8220;|||&#8220;][et_pb_slider show_pagination=&#8220;off&#8220; _builder_version=&#8220;4.16&#8243; use_background_color_gradient=&#8220;on&#8220; background_color_gradient_direction=&#8220;90deg&#8220; background_color_gradient_stops=&#8220;#666462 0%|#444444 100%&#8220; background_color_gradient_start=&#8220;#666462&#8243; background_color_gradient_end=&#8220;#444444&#8243; auto=&#8220;on&#8220; custom_css_main_element=&#8220;min-height: 267px;&#8220; border_radii=&#8220;on|10px|10px|10px|10px&#8220; global_colors_info=&#8220;{}&#8220; button_text_size__hover_enabled=&#8220;off&#8220; button_one_text_size__hover_enabled=&#8220;off&#8220; button_two_text_size__hover_enabled=&#8220;off&#8220; button_text_color__hover_enabled=&#8220;off&#8220; button_one_text_color__hover_enabled=&#8220;off&#8220; button_two_text_color__hover_enabled=&#8220;off&#8220; button_border_width__hover_enabled=&#8220;off&#8220; button_one_border_width__hover_enabled=&#8220;off&#8220; button_two_border_width__hover_enabled=&#8220;off&#8220; button_border_color__hover_enabled=&#8220;off&#8220; button_one_border_color__hover_enabled=&#8220;off&#8220; button_two_border_color__hover_enabled=&#8220;off&#8220; button_border_radius__hover_enabled=&#8220;off&#8220; button_one_border_radius__hover_enabled=&#8220;off&#8220; button_two_border_radius__hover_enabled=&#8220;off&#8220; button_letter_spacing__hover_enabled=&#8220;off&#8220; button_one_letter_spacing__hover_enabled=&#8220;off&#8220; button_two_letter_spacing__hover_enabled=&#8220;off&#8220; button_bg_color__hover_enabled=&#8220;off&#8220; button_one_bg_color__hover_enabled=&#8220;off&#8220; button_two_bg_color__hover_enabled=&#8220;off&#8220;][et_pb_slide use_bg_overlay=&#8220;off&#8220; use_text_overlay=&#8220;off&#8220; _builder_version=&#8220;4.16&#8243; background_color=&#8220;#ffffff&#8220; background_image=&#8220;https:\/\/www.winterova7.sk\/wp-content\/uploads\/2018\/03\/img_map_01.png&#8220; background_size=&#8220;initial&#8220; button_on_hover=&#8220;on&#8220; custom_css_main_element=&#8220;min-height: 267px;&#8220; global_colors_info=&#8220;{}&#8220; sticky_transition=&#8220;on&#8220; button_text_size__hover_enabled=&#8220;off&#8220; button_one_text_size__hover_enabled=&#8220;off&#8220; button_two_text_size__hover_enabled=&#8220;off&#8220; button_text_color__hover_enabled=&#8220;off&#8220; button_one_text_color__hover_enabled=&#8220;off&#8220; button_two_text_color__hover_enabled=&#8220;off&#8220; button_border_width__hover_enabled=&#8220;off&#8220; button_one_border_width__hover_enabled=&#8220;off&#8220; button_two_border_width__hover_enabled=&#8220;off&#8220; button_border_color__hover_enabled=&#8220;off&#8220; button_one_border_color__hover_enabled=&#8220;off&#8220; button_two_border_color__hover_enabled=&#8220;off&#8220; button_border_radius__hover_enabled=&#8220;off&#8220; button_one_border_radius__hover_enabled=&#8220;off&#8220; button_two_border_radius__hover_enabled=&#8220;off&#8220; button_letter_spacing__hover_enabled=&#8220;off&#8220; button_one_letter_spacing__hover_enabled=&#8220;off&#8220; button_two_letter_spacing__hover_enabled=&#8220;off&#8220; button_bg_color__hover_enabled=&#8220;off&#8220; button_one_bg_color__hover_enabled=&#8220;off&#8220; button_two_bg_color__hover_enabled=&#8220;off&#8220;][\/et_pb_slide][et_pb_slide use_bg_overlay=&#8220;off&#8220; use_text_overlay=&#8220;off&#8220; _builder_version=&#8220;4.16&#8243; background_color=&#8220;#ffffff&#8220; background_image=&#8220;https:\/\/www.winterova7.sk\/wp-content\/uploads\/2018\/03\/img_map_02.png&#8220; background_size=&#8220;initial&#8220; button_on_hover=&#8220;on&#8220; global_colors_info=&#8220;{}&#8220; sticky_transition=&#8220;on&#8220; button_text_size__hover_enabled=&#8220;off&#8220; button_one_text_size__hover_enabled=&#8220;off&#8220; button_two_text_size__hover_enabled=&#8220;off&#8220; button_text_color__hover_enabled=&#8220;off&#8220; button_one_text_color__hover_enabled=&#8220;off&#8220; button_two_text_color__hover_enabled=&#8220;off&#8220; button_border_width__hover_enabled=&#8220;off&#8220; button_one_border_width__hover_enabled=&#8220;off&#8220; button_two_border_width__hover_enabled=&#8220;off&#8220; button_border_color__hover_enabled=&#8220;off&#8220; button_one_border_color__hover_enabled=&#8220;off&#8220; button_two_border_color__hover_enabled=&#8220;off&#8220; button_border_radius__hover_enabled=&#8220;off&#8220; button_one_border_radius__hover_enabled=&#8220;off&#8220; button_two_border_radius__hover_enabled=&#8220;off&#8220; button_letter_spacing__hover_enabled=&#8220;off&#8220; button_one_letter_spacing__hover_enabled=&#8220;off&#8220; button_two_letter_spacing__hover_enabled=&#8220;off&#8220; button_bg_color__hover_enabled=&#8220;off&#8220; button_one_bg_color__hover_enabled=&#8220;off&#8220; button_two_bg_color__hover_enabled=&#8220;off&#8220;][\/et_pb_slide][et_pb_slide use_bg_overlay=&#8220;off&#8220; use_text_overlay=&#8220;off&#8220; _builder_version=&#8220;4.16&#8243; background_color=&#8220;#ffffff&#8220; background_image=&#8220;https:\/\/www.winterova7.sk\/wp-content\/uploads\/2018\/03\/img_map_03.png&#8220; background_size=&#8220;initial&#8220; button_on_hover=&#8220;on&#8220; global_colors_info=&#8220;{}&#8220; sticky_transition=&#8220;on&#8220; button_text_size__hover_enabled=&#8220;off&#8220; button_one_text_size__hover_enabled=&#8220;off&#8220; button_two_text_size__hover_enabled=&#8220;off&#8220; button_text_color__hover_enabled=&#8220;off&#8220; button_one_text_color__hover_enabled=&#8220;off&#8220; button_two_text_color__hover_enabled=&#8220;off&#8220; button_border_width__hover_enabled=&#8220;off&#8220; button_one_border_width__hover_enabled=&#8220;off&#8220; button_two_border_width__hover_enabled=&#8220;off&#8220; button_border_color__hover_enabled=&#8220;off&#8220; button_one_border_color__hover_enabled=&#8220;off&#8220; button_two_border_color__hover_enabled=&#8220;off&#8220; button_border_radius__hover_enabled=&#8220;off&#8220; button_one_border_radius__hover_enabled=&#8220;off&#8220; button_two_border_radius__hover_enabled=&#8220;off&#8220; button_letter_spacing__hover_enabled=&#8220;off&#8220; button_one_letter_spacing__hover_enabled=&#8220;off&#8220; button_two_letter_spacing__hover_enabled=&#8220;off&#8220; button_bg_color__hover_enabled=&#8220;off&#8220; button_one_bg_color__hover_enabled=&#8220;off&#8220; button_two_bg_color__hover_enabled=&#8220;off&#8220;][\/et_pb_slide][\/et_pb_slider][\/et_pb_column][\/et_pb_row][et_pb_row _builder_version=&#8220;4.16&#8243; use_background_color_gradient=&#8220;on&#8220; background_color_gradient_stops=&#8220;#5c5a5a 0%|rgba(41,196,169,0) 100%&#8220; background_color_gradient_start=&#8220;#5c5a5a&#8220; background_color_gradient_end=&#8220;rgba(41,196,169,0)&#8220; custom_padding=&#8220;20px|30px|20px|30px&#8220; border_radii=&#8220;on|10px|10px|10px|10px&#8220; border_width_all=&#8220;1&#8243; global_colors_info=&#8220;{}&#8220;][et_pb_column type=&#8220;4_4&#8243; _builder_version=&#8220;4.16&#8243; custom_padding=&#8220;|||&#8220; global_colors_info=&#8220;{}&#8220; custom_padding__hover=&#8220;|||&#8220;][et_pb_text _builder_version=&#8220;4.16&#8243; text_font=&#8220;||||||||&#8220; header_font=&#8220;||||||||&#8220; header_2_font=&#8220;||||||||&#8220; background_layout=&#8220;dark&#8220; global_colors_info=&#8220;{}&#8220;]<\/p>\n<h2><strong>Grundriss der fl<span class=\"font-14px\">\u00fc<\/span>gel<\/strong> &#8211; W\u00e4hlen Sie das Stockwerk, die Sie sich besichtigen m\u00f6chten.<\/h2>\n<p>[\/et_pb_text][et_pb_code _builder_version=&#8220;4.16&#8243; text_orientation=&#8220;center&#8220; max_width=&#8220;93%&#8220; custom_css_main_element=&#8220;margin: 0 auto;&#8220; global_colors_info=&#8220;{}&#8220;]<\/p>\n<div class=\"street\">Winterova<\/div>\n<p><!-- [et_pb_line_break_holder] --><div id=\"image-map-pro-9113\"><\/div><!-- [et_pb_line_break_holder] --><\/p>\n<div class=\"street_right\">Beethovenova<\/div>\n<p>[\/et_pb_code][\/et_pb_column][\/et_pb_row][\/et_pb_section]<\/p>\n","protected":false},"excerpt":{"rendered":"<p>Willkommen in Pie\u0161\u0165any, in der Stadt der Erholung und Ihres Unternehmens. In einem Punkt treffen sich hier zwei Linien \u2013 der Raum f\u00fcr Ihr Unternehmen und f\u00fcr die Erholung \u2013 Ihre oder die Ihres Gesch\u00e4ftspartners. Direkt im Herzen der Stadt, sehr nahe der Kurinsel, bieten wir repr\u00e4sentative B\u00fcror\u00e4ume zur Vermietung an. Die R\u00e4ume befinden sich [&hellip;]<\/p>\n","protected":false},"author":1,"featured_media":0,"parent":0,"menu_order":0,"comment_status":"closed","ping_status":"closed","template":"","meta":{"_et_pb_use_builder":"on","_et_pb_old_content":"","_et_gb_content_width":"","footnotes":""},"class_list":["post-859","page","type-page","status-publish","hentry"],"_links":{"self":[{"href":"https:\/\/www.winterova7.sk\/de\/wp-json\/wp\/v2\/pages\/859"}],"collection":[{"href":"https:\/\/www.winterova7.sk\/de\/wp-json\/wp\/v2\/pages"}],"about":[{"href":"https:\/\/www.winterova7.sk\/de\/wp-json\/wp\/v2\/types\/page"}],"author":[{"embeddable":true,"href":"https:\/\/www.winterova7.sk\/de\/wp-json\/wp\/v2\/users\/1"}],"replies":[{"embeddable":true,"href":"https:\/\/www.winterova7.sk\/de\/wp-json\/wp\/v2\/comments?post=859"}],"version-history":[{"count":9,"href":"https:\/\/www.winterova7.sk\/de\/wp-json\/wp\/v2\/pages\/859\/revisions"}],"predecessor-version":[{"id":1705,"href":"https:\/\/www.winterova7.sk\/de\/wp-json\/wp\/v2\/pages\/859\/revisions\/1705"}],"wp:attachment":[{"href":"https:\/\/www.winterova7.sk\/de\/wp-json\/wp\/v2\/media?parent=859"}],"curies":[{"name":"wp","href":"https:\/\/api.w.org\/{rel}","templated":true}]}}