{"id":850,"date":"2018-03-25T21:29:15","date_gmt":"2018-03-25T19:29:15","guid":{"rendered":"https:\/\/www.winterova7.sk\/gebaude-und-service\/"},"modified":"2021-05-18T13:38:54","modified_gmt":"2021-05-18T11:38:54","slug":"gebaude-und-service","status":"publish","type":"page","link":"https:\/\/www.winterova7.sk\/de\/gebaude-und-service\/","title":{"rendered":"Geb\u00e4ude und Service"},"content":{"rendered":"<p>[et_pb_section bb_built=&#8220;1&#8243; background_color=&#8220;rgba(0,0,0,0)&#8220; _builder_version=&#8220;3.0.105&#8243;][et_pb_row custom_padding=&#8220;0px|0px|27px|0px&#8220; make_equal=&#8220;on&#8220; _builder_version=&#8220;3.0.105&#8243; background_size=&#8220;initial&#8220; background_position=&#8220;top_left&#8220; background_repeat=&#8220;repeat&#8220;][et_pb_column type=&#8220;2_3&#8243;][et_pb_text background_layout=&#8220;dark&#8220; _builder_version=&#8220;3.0.105&#8243; background_color=&#8220;#e96012&#8243; border_radii=&#8220;on|10px|10px|10px|10px&#8220; custom_margin=&#8220;|||&#8220; custom_padding=&#8220;20px|30px|20px|30px&#8220; custom_css_main_element=&#8220;height:267px;&#8220;]<\/p>\n<div class=\"content-2-top-l\">\n<ul>\n<li>Das ganze Geb\u00e4ude hat sich der kompletten Rekonstruktion einschlie\u00dflich der Auswechslung der Fenster, der Fu\u00dfbodenbel\u00e4ge und der Rekonstruktion der Toiletten unterzogen.<\/li>\n<li>Jedes Stockwerk ist in mehrere Fl\u00fcgel geteilt. Jeder Fl\u00fcgel hat einen selbst\u00e4ndigen Zugang, der durch Brandschutzt\u00fcren abgetrennt ist.<\/li>\n<li>Nach Ihren individuellen Anforderungen k\u00f6nnen einzelne Fl\u00fcgel in eine gr\u00f6\u00dfere Einheit zusammengeschlossen werden<\/li>\n<li>Jeder Fl\u00fcgel hat seine eigenen Toiletten und zumindest eine mit Einbauk\u00fcche mit Wasser- und Stromversorgung ausger\u00fcstete Kochnische zur Verf\u00fcgung.<\/li>\n<\/ul>\n<\/div>\n<p>[\/et_pb_text][\/et_pb_column][et_pb_column type=&#8220;1_3&#8243;][et_pb_slider show_pagination=&#8220;off&#8220; _builder_version=&#8220;3.0.105&#8243; use_background_color_gradient=&#8220;on&#8220; background_color_gradient_start=&#8220;#666462&#8243; background_color_gradient_end=&#8220;#444444&#8243; background_color_gradient_direction=&#8220;90deg&#8220; border_radii=&#8220;on|10px|10px|10px|10px&#8220; custom_css_main_element=&#8220;min-height: 267px;&#8220; db_height=&#8220;247px&#8220; auto=&#8220;on&#8220;][et_pb_slide use_bg_overlay=&#8220;off&#8220; use_text_overlay=&#8220;off&#8220; _builder_version=&#8220;3.0.105&#8243; background_image=&#8220;https:\/\/www.winterova7.sk\/wp-content\/uploads\/2018\/03\/img_map_01.png&#8220; background_size=&#8220;initial&#8220; custom_button=&#8220;off&#8220; button_on_hover=&#8220;on&#8220; custom_css_main_element=&#8220;min-height: 267px;&#8220; background_color=&#8220;#ffffff&#8220;][\/et_pb_slide][et_pb_slide use_bg_overlay=&#8220;off&#8220; use_text_overlay=&#8220;off&#8220; _builder_version=&#8220;3.0.105&#8243; background_image=&#8220;https:\/\/www.winterova7.sk\/wp-content\/uploads\/2018\/03\/img_map_02.png&#8220; background_size=&#8220;contain&#8220; custom_button=&#8220;off&#8220; button_on_hover=&#8220;on&#8220; background_color=&#8220;#ffffff&#8220;][\/et_pb_slide][et_pb_slide use_bg_overlay=&#8220;off&#8220; use_text_overlay=&#8220;off&#8220; _builder_version=&#8220;3.0.105&#8243; background_image=&#8220;https:\/\/www.winterova7.sk\/wp-content\/uploads\/2018\/03\/img_map_03.png&#8220; background_size=&#8220;contain&#8220; custom_button=&#8220;off&#8220; button_on_hover=&#8220;on&#8220; background_color=&#8220;#ffffff&#8220;][\/et_pb_slide][\/et_pb_slider][\/et_pb_column][\/et_pb_row][et_pb_row custom_padding=&#8220;30px|30px|30px|30px&#8220; background_color=&#8220;#666263&#8243; _builder_version=&#8220;3.0.105&#8243; border_radii=&#8220;on|10px|10px|10px|10px&#8220;][et_pb_column type=&#8220;2_3&#8243;][et_pb_text background_layout=&#8220;dark&#8220; _builder_version=&#8220;3.0.105&#8243; text_font=&#8220;||||||||&#8220; custom_padding=&#8220;|||&#8220;]<\/p>\n<h2>F\u00fcr den gesamten Komplex bieten wir folgende Dienstleistungen an:<\/h2>\n<p>[\/et_pb_text][et_pb_blurb use_icon=&#8220;on&#8220; font_icon=&#8220;%%166%%&#8220; icon_color=&#8220;#ffffff&#8220; use_circle=&#8220;on&#8220; icon_placement=&#8220;left&#8220; background_layout=&#8220;dark&#8220; _builder_version=&#8220;3.0.105&#8243; header_level=&#8220;h3&#8243; header_font=&#8220;||||||||&#8220; body_font=&#8220;||||||||&#8220; body_font_size=&#8220;22px&#8220; custom_css_blurb_content=&#8220;margin:0;&#8220;]<\/p>\n<p>Raum f\u00fcr die Zentralrezeption im Erdgeschoss<\/p>\n<p>[\/et_pb_blurb][et_pb_blurb use_icon=&#8220;on&#8220; font_icon=&#8220;%%104%%&#8220; icon_color=&#8220;#ffffff&#8220; use_circle=&#8220;on&#8220; icon_placement=&#8220;left&#8220; background_layout=&#8220;dark&#8220; _builder_version=&#8220;3.0.105&#8243; header_level=&#8220;h3&#8243; header_font=&#8220;||||||||&#8220; body_font=&#8220;||||||||&#8220; body_font_size=&#8220;22px&#8220; custom_css_blurb_content=&#8220;margin:0;&#8220;]<\/p>\n<p>Video-Pf\u00f6rtner<\/p>\n<p>[\/et_pb_blurb][et_pb_blurb use_icon=&#8220;on&#8220; font_icon=&#8220;%%239%%&#8220; icon_color=&#8220;#ffffff&#8220; use_circle=&#8220;on&#8220; icon_placement=&#8220;left&#8220; background_layout=&#8220;dark&#8220; _builder_version=&#8220;3.0.105&#8243; header_level=&#8220;h3&#8243; header_font=&#8220;||||||||&#8220; body_font=&#8220;||||||||&#8220; body_font_size=&#8220;22px&#8220; custom_css_blurb_content=&#8220;margin:0;&#8220;]<\/p>\n<p>Aufr\u00e4umen<\/p>\n<p>[\/et_pb_blurb][et_pb_blurb use_icon=&#8220;on&#8220; font_icon=&#8220;%%264%%&#8220; icon_color=&#8220;#ffffff&#8220; use_circle=&#8220;on&#8220; icon_placement=&#8220;left&#8220; background_layout=&#8220;dark&#8220; _builder_version=&#8220;3.0.105&#8243; header_level=&#8220;h3&#8243; header_font=&#8220;||||||||&#8220; body_font=&#8220;||||||||&#8220; body_font_size=&#8220;22px&#8220; custom_css_blurb_content=&#8220;margin:0;&#8220;]<\/p>\n<p>Telefonanschl\u00fcsse<\/p>\n<p>[\/et_pb_blurb][\/et_pb_column][et_pb_column type=&#8220;1_3&#8243;][et_pb_image src=&#8220;https:\/\/www.winterova7.sk\/wp-content\/uploads\/2018\/03\/w-img-01.jpg&#8220; show_in_lightbox=&#8220;on&#8220; _builder_version=&#8220;3.0.105&#8243; url_new_window=&#8220;off&#8220; use_overlay=&#8220;off&#8220; always_center_on_mobile=&#8220;on&#8220; force_fullwidth=&#8220;off&#8220; show_bottom_space=&#8220;on&#8220;]<\/p>\n<p>&nbsp;<\/p>\n<p>&nbsp;<\/p>\n<p>[\/et_pb_image][\/et_pb_column][\/et_pb_row][\/et_pb_section]<\/p>\n","protected":false},"excerpt":{"rendered":"<p>Das ganze Geb\u00e4ude hat sich der kompletten Rekonstruktion einschlie\u00dflich der Auswechslung der Fenster, der Fu\u00dfbodenbel\u00e4ge und der Rekonstruktion der Toiletten unterzogen. Jedes Stockwerk ist in mehrere Fl\u00fcgel geteilt. Jeder Fl\u00fcgel hat einen selbst\u00e4ndigen Zugang, der durch Brandschutzt\u00fcren abgetrennt ist. Nach Ihren individuellen Anforderungen k\u00f6nnen einzelne Fl\u00fcgel in eine gr\u00f6\u00dfere Einheit zusammengeschlossen werden Jeder Fl\u00fcgel hat [&hellip;]<\/p>\n","protected":false},"author":1,"featured_media":0,"parent":0,"menu_order":0,"comment_status":"closed","ping_status":"closed","template":"","meta":{"_et_pb_use_builder":"on","_et_pb_old_content":"","_et_gb_content_width":"","footnotes":""},"class_list":["post-850","page","type-page","status-publish","hentry"],"_links":{"self":[{"href":"https:\/\/www.winterova7.sk\/de\/wp-json\/wp\/v2\/pages\/850"}],"collection":[{"href":"https:\/\/www.winterova7.sk\/de\/wp-json\/wp\/v2\/pages"}],"about":[{"href":"https:\/\/www.winterova7.sk\/de\/wp-json\/wp\/v2\/types\/page"}],"author":[{"embeddable":true,"href":"https:\/\/www.winterova7.sk\/de\/wp-json\/wp\/v2\/users\/1"}],"replies":[{"embeddable":true,"href":"https:\/\/www.winterova7.sk\/de\/wp-json\/wp\/v2\/comments?post=850"}],"version-history":[{"count":18,"href":"https:\/\/www.winterova7.sk\/de\/wp-json\/wp\/v2\/pages\/850\/revisions"}],"predecessor-version":[{"id":1489,"href":"https:\/\/www.winterova7.sk\/de\/wp-json\/wp\/v2\/pages\/850\/revisions\/1489"}],"wp:attachment":[{"href":"https:\/\/www.winterova7.sk\/de\/wp-json\/wp\/v2\/media?parent=850"}],"curies":[{"name":"wp","href":"https:\/\/api.w.org\/{rel}","templated":true}]}}